{"id":1020,"date":"2022-04-22T17:24:51","date_gmt":"2022-04-22T15:24:51","guid":{"rendered":"https:\/\/protectamp.com\/boutique\/uncategorized\/tapis-de-coffre\/"},"modified":"2025-05-21T08:39:42","modified_gmt":"2025-05-21T06:39:42","slug":"trunk-mat","status":"publish","type":"product","link":"https:\/\/protectamp.com\/en\/shop\/trunk-mat\/","title":{"rendered":"Trunk mat"},"content":{"rendered":"<p id=\"tw-target-text\" class=\"tw-data-text tw-text-large tw-ta\" dir=\"ltr\" data-placeholder=\"Traduction\" data-ved=\"2ahUKEwi3qsGVqfaCAxWpU6QEHWtuDLcQ3ewLegQIBRAQ\"><strong><span class=\"Y2IQFc\" lang=\"en\">Protect your vehicle trunk as well as your equipment with our trunk mats designed specifically for transporting your music equipment: amps, guitars, basses, keyboards, drums, sound system, etc. Made from ultra-resistant PVC fabric, these mats offer many advantages:<\/span><\/strong><\/p>\n<p class=\"tw-data-text tw-text-large tw-ta\" dir=\"ltr\" data-placeholder=\"Traduction\" data-ved=\"2ahUKEwi3qsGVqfaCAxWpU6QEHWtuDLcQ3ewLegQIBRAQ\">&#8211;<span class=\"Y2IQFc\" lang=\"en\">Maximum protection of your trunk against scratches and tears.<br \/>\n<\/span>&#8211;<span class=\"Y2IQFc\" lang=\"en\">For multi-use vehicles, keeping your music equipment safe from dust, animal hair, etc. that may be present in your trunk.<br \/>\n<\/span><span class=\"Y2IQFc\" lang=\"en\">-Easy storage and extraction of your equipment: PVC offers a smooth, low-adherence surface.<br \/>\n<\/span><span class=\"Y2IQFc\" lang=\"en\">-8 eyelets to freely secure your mat by using our <a href=\"https:\/\/protectamp.com\/en\/shop\/trunk-mat-straps\/\" target=\"_blank\" rel=\"noopener\">straps<\/a>.<br \/>\n<\/span><span class=\"Y2IQFc\" lang=\"en\">-Easy cleaning with just a sponge.<\/span><\/p>\n<hr \/>\n<p id=\"tw-target-text\" class=\"tw-data-text tw-text-large tw-ta\" dir=\"ltr\" data-placeholder=\"Traduction\" data-ved=\"2ahUKEwi3qsGVqfaCAxWpU6QEHWtuDLcQ3ewLegQIBRAQ\"><strong><span class=\"Y2IQFc\" lang=\"en\" style=\"color: #ff0000;\">Check that the dimensions of your trunk correspond to the size you have selected.<\/span><\/strong><\/p>\n<p class=\"tw-data-text tw-text-large tw-ta\" dir=\"ltr\" data-placeholder=\"Traduction\" data-ved=\"2ahUKEwi3qsGVqfaCAxWpU6QEHWtuDLcQ3ewLegQIBRAQ\"><span style=\"color: #339966;\"><span style=\"color: #808080;\">-Size S :\u00a0 trunk depth 0 cm to 100 cm x max. width 130 cm<strong><br \/>\n<\/strong>-Size M : trunk depth 101 cm to 150 cm x max. width 130 cm<strong><br \/>\n<\/strong>-Size L : trunk depth 151 cm to 200 cm x max. width\u00a0130 cm<br \/>\n-Size XL : trunk depth 201 cm to 250 cm x max. width\u00a0140 cm<\/span><\/span><\/p>\n<hr \/>\n<p id=\"tw-target-text\" class=\"tw-data-text tw-text-large tw-ta\" dir=\"ltr\" data-placeholder=\"Traduction\" data-ved=\"2ahUKEwi3qsGVqfaCAxWpU6QEHWtuDLcQ3ewLegQIBRAQ\"><span class=\"Y2IQFc\" lang=\"en\" style=\"color: #ff0000;\">To customize the size of your mat to the exact dimensions of your trunk, tell us your desired dimensions (rectangle: depth x width) in the &#8220;notes&#8221; field when confirming your cart. Without particular specifications, we will manufacture your mat according to the maximum dimensions of the selected size.<\/span><\/p>\n<p class=\"tw-data-text tw-text-large tw-ta\" dir=\"ltr\" data-placeholder=\"Traduction\" data-ved=\"2ahUKEwi3qsGVqfaCAxWpU6QEHWtuDLcQ3ewLegQIBRAQ\"><span style=\"color: #ff0000;\">Any other size ? <a href=\"https:\/\/protectamp.com\/en\/contact-us\/\" target=\"_blank\" rel=\"noopener\">contact us<\/a><\/span><\/p>\n","protected":false},"excerpt":{"rendered":"<p><span class=\"Y2IQFc\" lang=\"en\">Protect your vehicle trunk as well as your equipment with our trunk mats designed specifically for transporting your music equipment. Made from ultra-resistant PVC fabric, these mats offer many advantages<\/span><\/p>\n","protected":false},"featured_media":941,"template":"","meta":{"_acf_changed":false,"_exactmetrics_skip_tracking":false,"_exactmetrics_sitenote_active":false,"_exactmetrics_sitenote_note":"","_exactmetrics_sitenote_category":0},"product_brand":[],"product_cat":[31],"product_tag":[],"class_list":{"0":"post-1020","1":"product","2":"type-product","3":"status-publish","4":"has-post-thumbnail","6":"product_cat-trunk-mat","7":"tm-has-options","9":"first","10":"instock","11":"taxable","12":"shipping-taxable","13":"purchasable","14":"product-type-variable","15":"has-default-attributes"},"acf":[],"yoast_head":"<!-- This site is optimized with the Yoast SEO plugin v27.3 - https:\/\/yoast.com\/product\/yoast-seo-wordpress\/ -->\n<title>Le tapis de protection de coffre de voiture pour tous les musiciens<\/title>\n<meta name=\"description\" content=\"Prot\u00e9gez votre v\u00e9hicule et facilitez-vous la manutention de votre mat\u00e9riel de musique lors de vos transports gr\u00e2ce \u00e0 nos tapis de coffre ultra-r\u00e9sistants.\" \/>\n<meta name=\"robots\" content=\"index, follow, max-snippet:-1, max-image-preview:large, max-video-preview:-1\" \/>\n<link rel=\"canonical\" href=\"https:\/\/protectamp.com\/en\/shop\/trunk-mat\/\" \/>\n<meta property=\"og:locale\" content=\"en_US\" \/>\n<meta property=\"og:type\" content=\"article\" \/>\n<meta property=\"og:title\" content=\"Le tapis de protection de coffre de voiture pour tous les musiciens\" \/>\n<meta property=\"og:description\" content=\"Prot\u00e9gez votre v\u00e9hicule et facilitez-vous la manutention de votre mat\u00e9riel de musique lors de vos transports gr\u00e2ce \u00e0 nos tapis de coffre ultra-r\u00e9sistants.\" \/>\n<meta property=\"og:url\" content=\"https:\/\/protectamp.com\/en\/shop\/trunk-mat\/\" \/>\n<meta property=\"og:site_name\" content=\"ProtectAmp\" \/>\n<meta property=\"article:modified_time\" content=\"2025-05-21T06:39:42+00:00\" \/>\n<meta property=\"og:image\" content=\"https:\/\/protectamp.com\/wp-content\/uploads\/2022\/10\/Tapis.jpg\" \/>\n\t<meta property=\"og:image:width\" content=\"700\" \/>\n\t<meta property=\"og:image:height\" content=\"525\" \/>\n\t<meta property=\"og:image:type\" content=\"image\/jpeg\" \/>\n<meta name=\"twitter:card\" content=\"summary_large_image\" \/>\n<meta name=\"twitter:label1\" content=\"Est. reading time\" \/>\n\t<meta name=\"twitter:data1\" content=\"2 minutes\" \/>\n<script type=\"application\/ld+json\" class=\"yoast-schema-graph\">{\"@context\":\"https:\\\/\\\/schema.org\",\"@graph\":[{\"@type\":\"WebPage\",\"@id\":\"https:\\\/\\\/protectamp.com\\\/en\\\/shop\\\/trunk-mat\\\/\",\"url\":\"https:\\\/\\\/protectamp.com\\\/en\\\/shop\\\/trunk-mat\\\/\",\"name\":\"Le tapis de protection de coffre de voiture pour tous les musiciens\",\"isPartOf\":{\"@id\":\"https:\\\/\\\/protectamp.com\\\/en\\\/#website\"},\"primaryImageOfPage\":{\"@id\":\"https:\\\/\\\/protectamp.com\\\/en\\\/shop\\\/trunk-mat\\\/#primaryimage\"},\"image\":{\"@id\":\"https:\\\/\\\/protectamp.com\\\/en\\\/shop\\\/trunk-mat\\\/#primaryimage\"},\"thumbnailUrl\":\"https:\\\/\\\/protectamp.com\\\/wp-content\\\/uploads\\\/2022\\\/10\\\/Tapis.jpg\",\"datePublished\":\"2022-04-22T15:24:51+00:00\",\"dateModified\":\"2025-05-21T06:39:42+00:00\",\"description\":\"Prot\u00e9gez votre v\u00e9hicule et facilitez-vous la manutention de votre mat\u00e9riel de musique lors de vos transports gr\u00e2ce \u00e0 nos tapis de coffre ultra-r\u00e9sistants.\",\"breadcrumb\":{\"@id\":\"https:\\\/\\\/protectamp.com\\\/en\\\/shop\\\/trunk-mat\\\/#breadcrumb\"},\"inLanguage\":\"en-US\",\"potentialAction\":[{\"@type\":\"ReadAction\",\"target\":[\"https:\\\/\\\/protectamp.com\\\/en\\\/shop\\\/trunk-mat\\\/\"]}]},{\"@type\":\"ImageObject\",\"inLanguage\":\"en-US\",\"@id\":\"https:\\\/\\\/protectamp.com\\\/en\\\/shop\\\/trunk-mat\\\/#primaryimage\",\"url\":\"https:\\\/\\\/protectamp.com\\\/wp-content\\\/uploads\\\/2022\\\/10\\\/Tapis.jpg\",\"contentUrl\":\"https:\\\/\\\/protectamp.com\\\/wp-content\\\/uploads\\\/2022\\\/10\\\/Tapis.jpg\",\"width\":700,\"height\":525,\"caption\":\"Trunk mats for musicians\"},{\"@type\":\"BreadcrumbList\",\"@id\":\"https:\\\/\\\/protectamp.com\\\/en\\\/shop\\\/trunk-mat\\\/#breadcrumb\",\"itemListElement\":[{\"@type\":\"ListItem\",\"position\":1,\"name\":\"Home\",\"item\":\"https:\\\/\\\/protectamp.com\\\/en\\\/\"},{\"@type\":\"ListItem\",\"position\":2,\"name\":\"Shop\",\"item\":\"https:\\\/\\\/protectamp.com\\\/en\\\/shop\\\/\"},{\"@type\":\"ListItem\",\"position\":3,\"name\":\"Trunk mat\",\"item\":\"https:\\\/\\\/protectamp.com\\\/en\\\/product-category\\\/trunk-mat\\\/\"},{\"@type\":\"ListItem\",\"position\":4,\"name\":\"Trunk mat\"}]},{\"@type\":\"WebSite\",\"@id\":\"https:\\\/\\\/protectamp.com\\\/en\\\/#website\",\"url\":\"https:\\\/\\\/protectamp.com\\\/en\\\/\",\"name\":\"ProtectAmp\",\"description\":\"\",\"publisher\":{\"@id\":\"https:\\\/\\\/protectamp.com\\\/en\\\/#organization\"},\"potentialAction\":[{\"@type\":\"SearchAction\",\"target\":{\"@type\":\"EntryPoint\",\"urlTemplate\":\"https:\\\/\\\/protectamp.com\\\/en\\\/?s={search_term_string}\"},\"query-input\":{\"@type\":\"PropertyValueSpecification\",\"valueRequired\":true,\"valueName\":\"search_term_string\"}}],\"inLanguage\":\"en-US\"},{\"@type\":\"Organization\",\"@id\":\"https:\\\/\\\/protectamp.com\\\/en\\\/#organization\",\"name\":\"ProtectAmp\",\"url\":\"https:\\\/\\\/protectamp.com\\\/en\\\/\",\"logo\":{\"@type\":\"ImageObject\",\"inLanguage\":\"en-US\",\"@id\":\"https:\\\/\\\/protectamp.com\\\/en\\\/#\\\/schema\\\/logo\\\/image\\\/\",\"url\":\"https:\\\/\\\/protectamp.com\\\/wp-content\\\/uploads\\\/2022\\\/04\\\/logo-factures.jpg\",\"contentUrl\":\"https:\\\/\\\/protectamp.com\\\/wp-content\\\/uploads\\\/2022\\\/04\\\/logo-factures.jpg\",\"width\":305,\"height\":100,\"caption\":\"ProtectAmp\"},\"image\":{\"@id\":\"https:\\\/\\\/protectamp.com\\\/en\\\/#\\\/schema\\\/logo\\\/image\\\/\"}}]}<\/script>\n<!-- \/ Yoast SEO plugin. -->","yoast_head_json":{"title":"Le tapis de protection de coffre de voiture pour tous les musiciens","description":"Prot\u00e9gez votre v\u00e9hicule et facilitez-vous la manutention de votre mat\u00e9riel de musique lors de vos transports gr\u00e2ce \u00e0 nos tapis de coffre ultra-r\u00e9sistants.","robots":{"index":"index","follow":"follow","max-snippet":"max-snippet:-1","max-image-preview":"max-image-preview:large","max-video-preview":"max-video-preview:-1"},"canonical":"https:\/\/protectamp.com\/en\/shop\/trunk-mat\/","og_locale":"en_US","og_type":"article","og_title":"Le tapis de protection de coffre de voiture pour tous les musiciens","og_description":"Prot\u00e9gez votre v\u00e9hicule et facilitez-vous la manutention de votre mat\u00e9riel de musique lors de vos transports gr\u00e2ce \u00e0 nos tapis de coffre ultra-r\u00e9sistants.","og_url":"https:\/\/protectamp.com\/en\/shop\/trunk-mat\/","og_site_name":"ProtectAmp","article_modified_time":"2025-05-21T06:39:42+00:00","og_image":[{"width":700,"height":525,"url":"https:\/\/protectamp.com\/wp-content\/uploads\/2022\/10\/Tapis.jpg","type":"image\/jpeg"}],"twitter_card":"summary_large_image","twitter_misc":{"Est. reading time":"2 minutes"},"schema":{"@context":"https:\/\/schema.org","@graph":[{"@type":"WebPage","@id":"https:\/\/protectamp.com\/en\/shop\/trunk-mat\/","url":"https:\/\/protectamp.com\/en\/shop\/trunk-mat\/","name":"Le tapis de protection de coffre de voiture pour tous les musiciens","isPartOf":{"@id":"https:\/\/protectamp.com\/en\/#website"},"primaryImageOfPage":{"@id":"https:\/\/protectamp.com\/en\/shop\/trunk-mat\/#primaryimage"},"image":{"@id":"https:\/\/protectamp.com\/en\/shop\/trunk-mat\/#primaryimage"},"thumbnailUrl":"https:\/\/protectamp.com\/wp-content\/uploads\/2022\/10\/Tapis.jpg","datePublished":"2022-04-22T15:24:51+00:00","dateModified":"2025-05-21T06:39:42+00:00","description":"Prot\u00e9gez votre v\u00e9hicule et facilitez-vous la manutention de votre mat\u00e9riel de musique lors de vos transports gr\u00e2ce \u00e0 nos tapis de coffre ultra-r\u00e9sistants.","breadcrumb":{"@id":"https:\/\/protectamp.com\/en\/shop\/trunk-mat\/#breadcrumb"},"inLanguage":"en-US","potentialAction":[{"@type":"ReadAction","target":["https:\/\/protectamp.com\/en\/shop\/trunk-mat\/"]}]},{"@type":"ImageObject","inLanguage":"en-US","@id":"https:\/\/protectamp.com\/en\/shop\/trunk-mat\/#primaryimage","url":"https:\/\/protectamp.com\/wp-content\/uploads\/2022\/10\/Tapis.jpg","contentUrl":"https:\/\/protectamp.com\/wp-content\/uploads\/2022\/10\/Tapis.jpg","width":700,"height":525,"caption":"Trunk mats for musicians"},{"@type":"BreadcrumbList","@id":"https:\/\/protectamp.com\/en\/shop\/trunk-mat\/#breadcrumb","itemListElement":[{"@type":"ListItem","position":1,"name":"Home","item":"https:\/\/protectamp.com\/en\/"},{"@type":"ListItem","position":2,"name":"Shop","item":"https:\/\/protectamp.com\/en\/shop\/"},{"@type":"ListItem","position":3,"name":"Trunk mat","item":"https:\/\/protectamp.com\/en\/product-category\/trunk-mat\/"},{"@type":"ListItem","position":4,"name":"Trunk mat"}]},{"@type":"WebSite","@id":"https:\/\/protectamp.com\/en\/#website","url":"https:\/\/protectamp.com\/en\/","name":"ProtectAmp","description":"","publisher":{"@id":"https:\/\/protectamp.com\/en\/#organization"},"potentialAction":[{"@type":"SearchAction","target":{"@type":"EntryPoint","urlTemplate":"https:\/\/protectamp.com\/en\/?s={search_term_string}"},"query-input":{"@type":"PropertyValueSpecification","valueRequired":true,"valueName":"search_term_string"}}],"inLanguage":"en-US"},{"@type":"Organization","@id":"https:\/\/protectamp.com\/en\/#organization","name":"ProtectAmp","url":"https:\/\/protectamp.com\/en\/","logo":{"@type":"ImageObject","inLanguage":"en-US","@id":"https:\/\/protectamp.com\/en\/#\/schema\/logo\/image\/","url":"https:\/\/protectamp.com\/wp-content\/uploads\/2022\/04\/logo-factures.jpg","contentUrl":"https:\/\/protectamp.com\/wp-content\/uploads\/2022\/04\/logo-factures.jpg","width":305,"height":100,"caption":"ProtectAmp"},"image":{"@id":"https:\/\/protectamp.com\/en\/#\/schema\/logo\/image\/"}}]}},"_links":{"self":[{"href":"https:\/\/protectamp.com\/en\/wp-json\/wp\/v2\/product\/1020","targetHints":{"allow":["GET"]}}],"collection":[{"href":"https:\/\/protectamp.com\/en\/wp-json\/wp\/v2\/product"}],"about":[{"href":"https:\/\/protectamp.com\/en\/wp-json\/wp\/v2\/types\/product"}],"wp:featuredmedia":[{"embeddable":true,"href":"https:\/\/protectamp.com\/en\/wp-json\/wp\/v2\/media\/941"}],"wp:attachment":[{"href":"https:\/\/protectamp.com\/en\/wp-json\/wp\/v2\/media?parent=1020"}],"wp:term":[{"taxonomy":"product_brand","embeddable":true,"href":"https:\/\/protectamp.com\/en\/wp-json\/wp\/v2\/product_brand?post=1020"},{"taxonomy":"product_cat","embeddable":true,"href":"https:\/\/protectamp.com\/en\/wp-json\/wp\/v2\/product_cat?post=1020"},{"taxonomy":"product_tag","embeddable":true,"href":"https:\/\/protectamp.com\/en\/wp-json\/wp\/v2\/product_tag?post=1020"}],"curies":[{"name":"wp","href":"https:\/\/api.w.org\/{rel}","templated":true}]}}