{"id":1018,"date":"2022-03-16T09:58:39","date_gmt":"2022-03-16T08:58:39","guid":{"rendered":"https:\/\/protectamp.com\/legal-notice\/"},"modified":"2023-12-03T12:27:36","modified_gmt":"2023-12-03T11:27:36","slug":"legal-notice","status":"publish","type":"page","link":"https:\/\/protectamp.com\/en\/legal-notice\/","title":{"rendered":"Legal Notice"},"content":{"rendered":"\n<p class=\"has-regular-font-size\"><strong>1. Site presentation<\/strong><\/p>\n\n\n\n<p>In accordance with Article 6 of Law No. 2004-575 of June 21, 2004, on trust in the digital economy, users of the website&nbsp;<a href=\"https:\/\/protectamp.com\/\">https:\/\/protectamp.com\/<\/a>&nbsp;are informed about the identity of the various parties involved in its creation and follow-up:<\/p>\n\n\n\n<p>Owner: BELLEDONNE PIQUAGE<br>Single-member LLC (SARL) with a share capital of \u20ac3,000<br>Registered office: 1665 RTE NAPOLEON 38320 BRIE-ET-ANGONNES<br>SIRET: 83320725100020 RCS Grenoble<br>VAT ID: FR53833207251<br>NAF Code: 1399Z<br>Web Design: Pierre WAGNER \u2013 WPCr\u00e9ations<br>Publication Manager: H\u00e9l\u00e8ne CANIN<br>The publication manager is an individual.<br>Webmaster: Credits photos: H\u00e9l\u00e8ne CANIN, Unsplash, Pixabay, Pexel<br>Hosting: 1&amp;1 Internet SARL<br>7, place de la Gare, BP 70109, 57201 Sarreguemines Cedex<br>SARL with a capital of \u20ac100,000<br>RCS Sarreguemines B 431 303 775<br>SIRET 431 303 775 000 16<br>APE 642 B<br><a href=\"https:\/\/www.ionos.fr\/\">https:\/\/www.ionos.fr\/<\/a><\/p>\n\n\n\n<p class=\"has-regular-font-size\"><strong>2. General terms of use of the site and services offered<\/strong><\/p>\n\n\n\n<p>The use of the site&nbsp;<a href=\"https:\/\/protectamp.com\/\">https:\/\/protectamp.com\/<\/a>&nbsp;implies full acceptance of the following general terms of use. These terms of use may be modified or supplemented at any time, so users of the site&nbsp;<a href=\"https:\/\/protectamp.com\/\">https:\/\/protectamp.com\/<\/a>&nbsp;are invited to consult them regularly. This site is normally accessible to users at all times. However, an interruption for technical maintenance may be decided by&nbsp;<a href=\"https:\/\/protectamp.com\/\">https:\/\/protectamp.com\/<\/a>, which will make every effort to communicate the dates and times of the intervention to users in advance. The site&nbsp;<a href=\"https:\/\/protectamp.com\/\">https:\/\/protectamp.com\/<\/a>&nbsp;is regularly updated by Mrs. H\u00e9l\u00e8ne CANIN. Similarly, legal notices may be modified at any time: however, they are binding on the user, who is invited to refer to them as often as possible to stay informed.<\/p>\n\n\n\n<p class=\"has-regular-font-size\"><strong>3. Description of the services provided<\/strong><\/p>\n\n\n\n<p>The purpose of the site&nbsp;<a href=\"https:\/\/protectamp.com\/\">https:\/\/protectamp.com\/<\/a>&nbsp;is to provide information about all the activities of the company. Mrs. H\u00e9l\u00e8ne CANIN strives to provide as accurate information as possible on the site&nbsp;<a href=\"https:\/\/protectamp.com\/\">https:\/\/protectamp.com\/<\/a>. However, she cannot be held responsible for omissions, inaccuracies, and deficiencies in the update, whether caused by her or by third-party partners providing her with this information. All information on the site&nbsp;<a href=\"https:\/\/protectamp.com\/\">https:\/\/protectamp.com\/<\/a>&nbsp;is given for indicative purposes and is subject to change. Furthermore, the information on the site&nbsp;<a href=\"https:\/\/protectamp.com\/\">https:\/\/protectamp.com\/<\/a>&nbsp;is not exhaustive and is given subject to changes that may have been made since it was put online.<\/p>\n\n\n\n<p class=\"has-regular-font-size\"><strong>4. Contractual limitations on technical data<\/strong><\/p>\n\n\n\n<p>The site uses JavaScript technology. The website cannot be held responsible for material damages related to the use of the site. In addition, the user of the site agrees to access the site using recent hardware, free of viruses, and with an updated latest-generation browser.<\/p>\n\n\n\n<p class=\"has-regular-font-size\"><strong>5. Intellectual property and counterfeiting<\/strong><\/p>\n\n\n\n<p>Mrs. H\u00e9l\u00e8ne CANIN owns the intellectual property rights or holds the rights to use all the elements accessible on the site, including texts, images, graphics, logos, icons, sounds, software. Any reproduction, representation, modification, publication, or adaptation of all or part of the elements of the site, by any means or process, is prohibited without the prior written permission of Mrs. H\u00e9l\u00e8ne CANIN. Any unauthorized use of the site or any of its elements will be considered as constituting an infringement and pursued in accordance with the provisions of articles L.335-2 and following of the Intellectual Property Code.<\/p>\n\n\n\n<p class=\"has-regular-font-size\"><strong>6. Limitation of liability<\/strong><\/p>\n\n\n\n<p>Mrs. H\u00e9l\u00e8ne CANIN cannot be held responsible for direct or indirect damage caused to the user&#8217;s equipment when accessing the site Mrs. H\u00e9l\u00e8ne CANIN, resulting either from the use of equipment that does not meet the specifications indicated in point 4, or from the appearance of a bug or incompatibility. Mrs. H\u00e9l\u00e8ne CANIN also cannot be held responsible for indirect damages (such as a loss of market or loss of opportunity) resulting from the use of the site&nbsp;<a href=\"https:\/\/protectamp.com\/\">https:\/\/protectamp.com\/<\/a>. Interactive spaces (possibility to ask questions in the contact space) are available to users. Mrs. H\u00e9l\u00e8ne CANIN reserves the right to remove, without prior notice, any content deposited in this space that would violate applicable laws in France, particularly regarding data protection. If necessary, Mrs. H\u00e9l\u00e8ne CANIN also reserves the right to invoke the civil and\/or criminal liability of the user, especially in the case of messages that are racist, offensive, defamatory, or pornographic, regardless of the medium used (text, photograph\u2026).<\/p>\n\n\n\n<p class=\"has-regular-font-size\"><strong>7. Management of personal data<\/strong><\/p>\n\n\n\n<p>In France, personal data is protected, in particular, by Law No. 78-87 of January 6, 1978, Law No. 2004-801 of August 6, 2004, Article L. 226-13 of the Penal Code, and the European Directive of October 24, 1995. During the use of the site&nbsp;<a href=\"https:\/\/protectamp.com\/\">https:\/\/protectamp.com\/<\/a>, the following may be collected: the URL of the links through which the user accessed the site&nbsp;<a href=\"https:\/\/protectamp.com\/\">https:\/\/protectamp.com\/<\/a>, the user&#8217;s access provider, and the Internet Protocol (IP) address of the user. In any case, Mrs. H\u00e9l\u00e8ne CANIN only collects personal information about the user for the needs of certain services offered by the site&nbsp;<a href=\"https:\/\/protectamp.com\/\">https:\/\/protectamp.com\/<\/a>. The user provides this information knowingly, especially when entering it himself. The user of the site&nbsp;<a href=\"https:\/\/protectamp.com\/\">https:\/\/protectamp.com\/<\/a>&nbsp;is then informed whether it is mandatory to provide this information or not. In accordance with the provisions of articles 38 and following of Law 78-17 of January 6, 1978, relating to computers, files, and freedoms, every user has the right to access, rectify, and oppose personal data concerning him, by making a written and signed request, accompanied by a copy of an identity document with the signature of the document holder, specifying the address to which the response must be sent. No personal information of the user of the site&nbsp;<a href=\"https:\/\/protectamp.com\/\">https:\/\/protectamp.com\/<\/a>&nbsp;is published without the user&#8217;s knowledge, exchanged, transferred, assigned, or sold on any medium to third parties. Only the hypothesis of the purchase of Mrs. H\u00e9l\u00e8ne CANIN and its rights would allow the transmission of such information to the potential acquirer who would, in turn, be bound by the same obligation of conservation and modification of data concerning the user of the site&nbsp;<a href=\"https:\/\/protectamp.com\/\">https:\/\/protectamp.com\/<\/a>. Databases are protected by the provisions of the law of July 1, 1998, transposing Directive 96\/9 of March 11, 1996, on the legal protection of databases.<\/p>\n\n\n\n<p class=\"has-regular-font-size\"><strong>8. Hyperlinks and cookies<\/strong><\/p>\n\n\n\n<p>The website&nbsp;<a href=\"https:\/\/protectamp.com\/\">https:\/\/protectamp.com\/<\/a>&nbsp;contains several hyperlinks to other sites, established with the authorization of Mrs. H\u00e9l\u00e8ne CANIN. However, Mrs. H\u00e9l\u00e8ne CANIN does not have the ability to verify the content of the sites visited, and consequently assumes no responsibility for this.<br>Browsing the site&nbsp;<a href=\"https:\/\/protectamp.com\/\">https:\/\/protectamp.com\/<\/a>&nbsp;may result in the installation of cookie(s) on the user&#8217;s computer. A cookie is a small file that does not allow the identification of the user but records information related to the computer&#8217;s navigation on a site. The data obtained in this way aims to facilitate subsequent navigation on the site and also serves various traffic measurement purposes.<br>Refusing the installation of a cookie may result in the inability to access certain services.<\/p>\n\n\n\n<p class=\"has-regular-font-size\"><strong>9. Applicable law and jurisdiction attribution<\/strong><\/p>\n\n\n\n<p>Any dispute related to the use of the site&nbsp;<a href=\"https:\/\/protectamp.com\/\">https:\/\/protectamp.com\/<\/a>&nbsp;is subject to French law. Exclusive jurisdiction is granted to the competent courts of Paris.<\/p>\n\n\n\n<p class=\"has-regular-font-size\"><strong>10. Relevant laws<\/strong><\/p>\n\n\n\n<p>Law No. 78-87 of January 6, 1978, notably amended by Law No. 2004-801 of August 6, 2004, concerning information technology, files, and freedoms.<br>Law No. 2004-575 of June 21, 2004, on trust in the digital economy.<\/p>\n\n\n\n<p class=\"has-regular-font-size\"><strong>11. Glossary<\/strong><\/p>\n\n\n\n<p>User: Internet user connecting to and using the aforementioned site.<br>Personal Information: &#8220;Information that, in any form whatsoever, directly or indirectly, allows the identification of the individuals to whom it applies&#8221; (Article 4 of Law No. 78-17 of January 6, 1978).<\/p>\n","protected":false},"excerpt":{"rendered":"<p>1. Site presentation In accordance with Article 6 of Law No. 2004-575 of June 21, 2004, on trust in the digital economy, users of the website&nbsp;https:\/\/protectamp.com\/&nbsp;are informed about the identity of the various parties involved in its creation and follow-up: Owner: BELLEDONNE PIQUAGESingle-member LLC (SARL) with a share capital of \u20ac3,000Registered office: 1665 RTE NAPOLEON [&hellip;]<\/p>\n","protected":false},"author":1,"featured_media":0,"parent":0,"menu_order":0,"comment_status":"closed","ping_status":"closed","template":"","meta":{"_acf_changed":false,"_exactmetrics_skip_tracking":false,"_exactmetrics_sitenote_active":false,"_exactmetrics_sitenote_note":"","_exactmetrics_sitenote_category":0,"footnotes":""},"class_list":["post-1018","page","type-page","status-publish","hentry"],"acf":[],"yoast_head":"<!-- This site is optimized with the Yoast SEO plugin v27.3 - https:\/\/yoast.com\/product\/yoast-seo-wordpress\/ -->\n<title>Legal Notice - ProtectAmp<\/title>\n<meta name=\"robots\" content=\"index, follow, max-snippet:-1, max-image-preview:large, max-video-preview:-1\" \/>\n<link rel=\"canonical\" href=\"https:\/\/protectamp.com\/en\/legal-notice\/\" \/>\n<meta property=\"og:locale\" content=\"en_US\" \/>\n<meta property=\"og:type\" content=\"article\" \/>\n<meta property=\"og:title\" content=\"Legal Notice - ProtectAmp\" \/>\n<meta property=\"og:description\" content=\"1. Site presentation In accordance with Article 6 of Law No. 2004-575 of June 21, 2004, on trust in the digital economy, users of the website&nbsp;https:\/\/protectamp.com\/&nbsp;are informed about the identity of the various parties involved in its creation and follow-up: Owner: BELLEDONNE PIQUAGESingle-member LLC (SARL) with a share capital of \u20ac3,000Registered office: 1665 RTE NAPOLEON [&hellip;]\" \/>\n<meta property=\"og:url\" content=\"https:\/\/protectamp.com\/en\/legal-notice\/\" \/>\n<meta property=\"og:site_name\" content=\"ProtectAmp\" \/>\n<meta property=\"article:modified_time\" content=\"2023-12-03T11:27:36+00:00\" \/>\n<meta name=\"twitter:card\" content=\"summary_large_image\" \/>\n<meta name=\"twitter:label1\" content=\"Est. reading time\" \/>\n\t<meta name=\"twitter:data1\" content=\"7 minutes\" \/>\n<script type=\"application\/ld+json\" class=\"yoast-schema-graph\">{\"@context\":\"https:\\\/\\\/schema.org\",\"@graph\":[{\"@type\":\"WebPage\",\"@id\":\"https:\\\/\\\/protectamp.com\\\/en\\\/legal-notice\\\/\",\"url\":\"https:\\\/\\\/protectamp.com\\\/en\\\/legal-notice\\\/\",\"name\":\"Legal Notice - ProtectAmp\",\"isPartOf\":{\"@id\":\"https:\\\/\\\/protectamp.com\\\/en\\\/#website\"},\"datePublished\":\"2022-03-16T08:58:39+00:00\",\"dateModified\":\"2023-12-03T11:27:36+00:00\",\"breadcrumb\":{\"@id\":\"https:\\\/\\\/protectamp.com\\\/en\\\/legal-notice\\\/#breadcrumb\"},\"inLanguage\":\"en-US\",\"potentialAction\":[{\"@type\":\"ReadAction\",\"target\":[\"https:\\\/\\\/protectamp.com\\\/en\\\/legal-notice\\\/\"]}]},{\"@type\":\"BreadcrumbList\",\"@id\":\"https:\\\/\\\/protectamp.com\\\/en\\\/legal-notice\\\/#breadcrumb\",\"itemListElement\":[{\"@type\":\"ListItem\",\"position\":1,\"name\":\"Home\",\"item\":\"https:\\\/\\\/protectamp.com\\\/en\\\/\"},{\"@type\":\"ListItem\",\"position\":2,\"name\":\"Legal Notice\"}]},{\"@type\":\"WebSite\",\"@id\":\"https:\\\/\\\/protectamp.com\\\/en\\\/#website\",\"url\":\"https:\\\/\\\/protectamp.com\\\/en\\\/\",\"name\":\"ProtectAmp\",\"description\":\"\",\"publisher\":{\"@id\":\"https:\\\/\\\/protectamp.com\\\/en\\\/#organization\"},\"potentialAction\":[{\"@type\":\"SearchAction\",\"target\":{\"@type\":\"EntryPoint\",\"urlTemplate\":\"https:\\\/\\\/protectamp.com\\\/en\\\/?s={search_term_string}\"},\"query-input\":{\"@type\":\"PropertyValueSpecification\",\"valueRequired\":true,\"valueName\":\"search_term_string\"}}],\"inLanguage\":\"en-US\"},{\"@type\":\"Organization\",\"@id\":\"https:\\\/\\\/protectamp.com\\\/en\\\/#organization\",\"name\":\"ProtectAmp\",\"url\":\"https:\\\/\\\/protectamp.com\\\/en\\\/\",\"logo\":{\"@type\":\"ImageObject\",\"inLanguage\":\"en-US\",\"@id\":\"https:\\\/\\\/protectamp.com\\\/en\\\/#\\\/schema\\\/logo\\\/image\\\/\",\"url\":\"https:\\\/\\\/protectamp.com\\\/wp-content\\\/uploads\\\/2022\\\/04\\\/logo-factures.jpg\",\"contentUrl\":\"https:\\\/\\\/protectamp.com\\\/wp-content\\\/uploads\\\/2022\\\/04\\\/logo-factures.jpg\",\"width\":305,\"height\":100,\"caption\":\"ProtectAmp\"},\"image\":{\"@id\":\"https:\\\/\\\/protectamp.com\\\/en\\\/#\\\/schema\\\/logo\\\/image\\\/\"}}]}<\/script>\n<!-- \/ Yoast SEO plugin. -->","yoast_head_json":{"title":"Legal Notice - ProtectAmp","robots":{"index":"index","follow":"follow","max-snippet":"max-snippet:-1","max-image-preview":"max-image-preview:large","max-video-preview":"max-video-preview:-1"},"canonical":"https:\/\/protectamp.com\/en\/legal-notice\/","og_locale":"en_US","og_type":"article","og_title":"Legal Notice - ProtectAmp","og_description":"1. Site presentation In accordance with Article 6 of Law No. 2004-575 of June 21, 2004, on trust in the digital economy, users of the website&nbsp;https:\/\/protectamp.com\/&nbsp;are informed about the identity of the various parties involved in its creation and follow-up: Owner: BELLEDONNE PIQUAGESingle-member LLC (SARL) with a share capital of \u20ac3,000Registered office: 1665 RTE NAPOLEON [&hellip;]","og_url":"https:\/\/protectamp.com\/en\/legal-notice\/","og_site_name":"ProtectAmp","article_modified_time":"2023-12-03T11:27:36+00:00","twitter_card":"summary_large_image","twitter_misc":{"Est. reading time":"7 minutes"},"schema":{"@context":"https:\/\/schema.org","@graph":[{"@type":"WebPage","@id":"https:\/\/protectamp.com\/en\/legal-notice\/","url":"https:\/\/protectamp.com\/en\/legal-notice\/","name":"Legal Notice - ProtectAmp","isPartOf":{"@id":"https:\/\/protectamp.com\/en\/#website"},"datePublished":"2022-03-16T08:58:39+00:00","dateModified":"2023-12-03T11:27:36+00:00","breadcrumb":{"@id":"https:\/\/protectamp.com\/en\/legal-notice\/#breadcrumb"},"inLanguage":"en-US","potentialAction":[{"@type":"ReadAction","target":["https:\/\/protectamp.com\/en\/legal-notice\/"]}]},{"@type":"BreadcrumbList","@id":"https:\/\/protectamp.com\/en\/legal-notice\/#breadcrumb","itemListElement":[{"@type":"ListItem","position":1,"name":"Home","item":"https:\/\/protectamp.com\/en\/"},{"@type":"ListItem","position":2,"name":"Legal Notice"}]},{"@type":"WebSite","@id":"https:\/\/protectamp.com\/en\/#website","url":"https:\/\/protectamp.com\/en\/","name":"ProtectAmp","description":"","publisher":{"@id":"https:\/\/protectamp.com\/en\/#organization"},"potentialAction":[{"@type":"SearchAction","target":{"@type":"EntryPoint","urlTemplate":"https:\/\/protectamp.com\/en\/?s={search_term_string}"},"query-input":{"@type":"PropertyValueSpecification","valueRequired":true,"valueName":"search_term_string"}}],"inLanguage":"en-US"},{"@type":"Organization","@id":"https:\/\/protectamp.com\/en\/#organization","name":"ProtectAmp","url":"https:\/\/protectamp.com\/en\/","logo":{"@type":"ImageObject","inLanguage":"en-US","@id":"https:\/\/protectamp.com\/en\/#\/schema\/logo\/image\/","url":"https:\/\/protectamp.com\/wp-content\/uploads\/2022\/04\/logo-factures.jpg","contentUrl":"https:\/\/protectamp.com\/wp-content\/uploads\/2022\/04\/logo-factures.jpg","width":305,"height":100,"caption":"ProtectAmp"},"image":{"@id":"https:\/\/protectamp.com\/en\/#\/schema\/logo\/image\/"}}]}},"_links":{"self":[{"href":"https:\/\/protectamp.com\/en\/wp-json\/wp\/v2\/pages\/1018","targetHints":{"allow":["GET"]}}],"collection":[{"href":"https:\/\/protectamp.com\/en\/wp-json\/wp\/v2\/pages"}],"about":[{"href":"https:\/\/protectamp.com\/en\/wp-json\/wp\/v2\/types\/page"}],"author":[{"embeddable":true,"href":"https:\/\/protectamp.com\/en\/wp-json\/wp\/v2\/users\/1"}],"replies":[{"embeddable":true,"href":"https:\/\/protectamp.com\/en\/wp-json\/wp\/v2\/comments?post=1018"}],"version-history":[{"count":0,"href":"https:\/\/protectamp.com\/en\/wp-json\/wp\/v2\/pages\/1018\/revisions"}],"wp:attachment":[{"href":"https:\/\/protectamp.com\/en\/wp-json\/wp\/v2\/media?parent=1018"}],"curies":[{"name":"wp","href":"https:\/\/api.w.org\/{rel}","templated":true}]}}